{"id":8,"date":"2021-10-24T16:29:48","date_gmt":"2021-10-24T16:29:48","guid":{"rendered":"https:\/\/heinemusic.de\/?page_id=8"},"modified":"2022-01-31T16:52:33","modified_gmt":"2022-01-31T16:52:33","slug":"heinemusic","status":"publish","type":"page","link":"https:\/\/heinemusic.de\/","title":{"rendered":"fun | music | passion"},"content":{"rendered":"<h5>&#8211; mein Motto f\u00fcr Gigs und Recordings &#8211;<\/h5>\n<p>&nbsp;<\/p>\n<p>Hey meine Name ist Harry und ich bin Drummer und S\u00e4nger.<\/p>\n<p>Musik habe ich in die Wiege gelegt bekommen und durch meinen Bruder die Leidenschaft zum Schlagzeug gefunden. Dank vieler unterschiedlicher Bandprojekte habe ich mich musikalisch bereichert und weiterentwickelt. Dazu z\u00e4hlt auch Erfahrung als Percussionist und S\u00e4nger im Popchor sowie Background bei Bands. Leadgesang habe ich immer anderen \u00fcberlassen. Durch einige kleine Auftritte als Begleitung von Gottesdiensten wurde jedoch immer h\u00e4ufiger die Hauptstimme von mir abverlangt, was mich schlie\u00dflich dazu brachte, dass ich f\u00fcr Aufnahmen und sp\u00e4ter auch bei Bandprojekten als Fronts\u00e4nger angefragt wurde.<\/p>\n<p>&nbsp;<\/p>\n<p><img loading=\"lazy\" decoding=\"async\" class=\"alignleft wp-image-106\" src=\"https:\/\/heinemusic.de\/wp-content\/uploads\/2022\/01\/Juuns-70-300x200.jpeg\" alt=\"\" width=\"355\" height=\"236\" srcset=\"https:\/\/heinemusic.de\/wp-content\/uploads\/2022\/01\/Juuns-70-300x200.jpeg 300w, https:\/\/heinemusic.de\/wp-content\/uploads\/2022\/01\/Juuns-70-1024x683.jpeg 1024w, https:\/\/heinemusic.de\/wp-content\/uploads\/2022\/01\/Juuns-70-768x512.jpeg 768w, https:\/\/heinemusic.de\/wp-content\/uploads\/2022\/01\/Juuns-70-1536x1024.jpeg 1536w, https:\/\/heinemusic.de\/wp-content\/uploads\/2022\/01\/Juuns-70-2048x1365.jpeg 2048w\" sizes=\"auto, (max-width: 355px) 100vw, 355px\" \/><\/p>\n","protected":false},"excerpt":{"rendered":"<p>&#8211; mein Motto f\u00fcr Gigs und Recordings &#8211; &nbsp; Hey meine Name ist Harry und ich bin Drummer und S\u00e4nger. [&hellip;]<\/p>\n","protected":false},"author":1,"featured_media":0,"parent":0,"menu_order":0,"comment_status":"closed","ping_status":"closed","template":"","meta":{"footnotes":""},"class_list":["post-8","page","type-page","status-publish","hentry"],"_links":{"self":[{"href":"https:\/\/heinemusic.de\/index.php?rest_route=\/wp\/v2\/pages\/8","targetHints":{"allow":["GET"]}}],"collection":[{"href":"https:\/\/heinemusic.de\/index.php?rest_route=\/wp\/v2\/pages"}],"about":[{"href":"https:\/\/heinemusic.de\/index.php?rest_route=\/wp\/v2\/types\/page"}],"author":[{"embeddable":true,"href":"https:\/\/heinemusic.de\/index.php?rest_route=\/wp\/v2\/users\/1"}],"replies":[{"embeddable":true,"href":"https:\/\/heinemusic.de\/index.php?rest_route=%2Fwp%2Fv2%2Fcomments&post=8"}],"version-history":[{"count":33,"href":"https:\/\/heinemusic.de\/index.php?rest_route=\/wp\/v2\/pages\/8\/revisions"}],"predecessor-version":[{"id":164,"href":"https:\/\/heinemusic.de\/index.php?rest_route=\/wp\/v2\/pages\/8\/revisions\/164"}],"wp:attachment":[{"href":"https:\/\/heinemusic.de\/index.php?rest_route=%2Fwp%2Fv2%2Fmedia&parent=8"}],"curies":[{"name":"wp","href":"https:\/\/api.w.org\/{rel}","templated":true}]}}