{"id":63,"date":"2021-10-24T20:54:16","date_gmt":"2021-10-24T20:54:16","guid":{"rendered":"https:\/\/heinemusic.de\/?page_id=63"},"modified":"2022-02-01T21:27:20","modified_gmt":"2022-02-01T21:27:20","slug":"about-me","status":"publish","type":"page","link":"https:\/\/heinemusic.de\/?page_id=63","title":{"rendered":"About Me"},"content":{"rendered":"<p>&nbsp;<\/p>\n<hr \/>\n<h3>2012<\/h3>\n<p><img loading=\"lazy\" decoding=\"async\" class=\"size-medium wp-image-165 alignleft\" src=\"https:\/\/heinemusic.de\/wp-content\/uploads\/2022\/01\/10630680_762956120438820_6484364092712619296_o-e1643648244908-300x193.jpg\" alt=\"\" width=\"300\" height=\"193\" srcset=\"https:\/\/heinemusic.de\/wp-content\/uploads\/2022\/01\/10630680_762956120438820_6484364092712619296_o-e1643648244908-300x193.jpg 300w, https:\/\/heinemusic.de\/wp-content\/uploads\/2022\/01\/10630680_762956120438820_6484364092712619296_o-e1643648244908-1024x660.jpg 1024w, https:\/\/heinemusic.de\/wp-content\/uploads\/2022\/01\/10630680_762956120438820_6484364092712619296_o-e1643648244908-768x495.jpg 768w, https:\/\/heinemusic.de\/wp-content\/uploads\/2022\/01\/10630680_762956120438820_6484364092712619296_o-e1643648244908-1536x990.jpg 1536w, https:\/\/heinemusic.de\/wp-content\/uploads\/2022\/01\/10630680_762956120438820_6484364092712619296_o-e1643648244908.jpg 1945w\" sizes=\"auto, (max-width: 300px) 100vw, 300px\" \/><\/p>\n<p>&nbsp;<\/p>\n<p>&nbsp;<\/p>\n<p>&nbsp;<\/p>\n<p>&nbsp;<\/p>\n<p>&nbsp;<\/p>\n<p style=\"text-align: left;\">Mein Nachbar klingelte 2012 an meiner T\u00fcr und fragte mich,<br \/>\nob ich bei ihrer Cover-Band <a href=\"https:\/\/www.facebook.com\/nummer8.music\" target=\"_blank\" rel=\"noopener\">Nummer 8<\/a>\u00a0einsteigen m\u00f6chte &#8211; &#8222;&#8230;nat\u00fcrlich&#8220; war ich da mit dabei! Mit kleinen Gigs in Jugendh\u00e4usern und bei Kursstufenkonzerten schafften wir es unsere Gute Laune mit unserem Publikum zu teilen.<\/p>\n<p>&nbsp;<\/p>\n<hr \/>\n<h3>2013<\/h3>\n<p><img loading=\"lazy\" decoding=\"async\" class=\"size-medium wp-image-169 alignleft\" src=\"https:\/\/heinemusic.de\/wp-content\/uploads\/2022\/01\/12032627_1697866297149212_4112858481174015136_o-300x199.jpg\" alt=\"\" width=\"300\" height=\"199\" srcset=\"https:\/\/heinemusic.de\/wp-content\/uploads\/2022\/01\/12032627_1697866297149212_4112858481174015136_o-300x199.jpg 300w, https:\/\/heinemusic.de\/wp-content\/uploads\/2022\/01\/12032627_1697866297149212_4112858481174015136_o-1024x678.jpg 1024w, https:\/\/heinemusic.de\/wp-content\/uploads\/2022\/01\/12032627_1697866297149212_4112858481174015136_o-768x509.jpg 768w, https:\/\/heinemusic.de\/wp-content\/uploads\/2022\/01\/12032627_1697866297149212_4112858481174015136_o-1536x1017.jpg 1536w, https:\/\/heinemusic.de\/wp-content\/uploads\/2022\/01\/12032627_1697866297149212_4112858481174015136_o.jpg 2048w\" sizes=\"auto, (max-width: 300px) 100vw, 300px\" \/><\/p>\n<p>&nbsp;<\/p>\n<p>&nbsp;<\/p>\n<p>&nbsp;<\/p>\n<p>&nbsp;<\/p>\n<p>&nbsp;<\/p>\n<p>Parallel bat mich ein Freund ein paar YouTube Videos zu begleiten, woraus ein langer gemeinsamer musikalischer Weg entstanden ist. Mit weiteren Freunden wurde\u00a0<a href=\"https:\/\/www.facebook.com\/soundofjoergandfriends\/\" target=\"_blank\" rel=\"noopener\">Soundofjoerg and Friends<\/a>\u00a0nach kurzer Zeit eine der bekanntesten Pop-Cover-Bands im Raum Remseck und hatte nach ein paar Jahren sogar ein eigenes <a href=\"https:\/\/g.co\/kgs\/Z8czPw\" target=\"_blank\" rel=\"noopener\">Album<\/a>, das auf den g\u00e4ngigen Plattformen gestreamt werden kann.<\/p>\n<p>&nbsp;<\/p>\n<hr \/>\n<h3>2017<\/h3>\n<p><img loading=\"lazy\" decoding=\"async\" class=\"size-medium wp-image-179 alignleft\" src=\"https:\/\/heinemusic.de\/wp-content\/uploads\/2022\/01\/118657804_3404245882975872_4958676104580938340_n-300x200.jpg\" alt=\"\" width=\"300\" height=\"200\" srcset=\"https:\/\/heinemusic.de\/wp-content\/uploads\/2022\/01\/118657804_3404245882975872_4958676104580938340_n-300x200.jpg 300w, https:\/\/heinemusic.de\/wp-content\/uploads\/2022\/01\/118657804_3404245882975872_4958676104580938340_n-1024x683.jpg 1024w, https:\/\/heinemusic.de\/wp-content\/uploads\/2022\/01\/118657804_3404245882975872_4958676104580938340_n-768x512.jpg 768w, https:\/\/heinemusic.de\/wp-content\/uploads\/2022\/01\/118657804_3404245882975872_4958676104580938340_n-1536x1024.jpg 1536w, https:\/\/heinemusic.de\/wp-content\/uploads\/2022\/01\/118657804_3404245882975872_4958676104580938340_n.jpg 2048w\" sizes=\"auto, (max-width: 300px) 100vw, 300px\" \/><\/p>\n<p>&nbsp;<\/p>\n<p>&nbsp;<\/p>\n<p>&nbsp;<\/p>\n<p>&nbsp;<\/p>\n<p>&nbsp;<\/p>\n<p>2017 durfte ich Chris &#8211; den langj\u00e4hrigen Drummer der <a href=\"https:\/\/juuns.de\" target=\"_blank\" rel=\"noopener\">JUUNS<\/a>\u00a0&#8211; abl\u00f6sen und beweise seitdem, dass Drummer auch singen k\u00f6nnen.\u00a0Gemeinsam haben wir bereits viel erlebt &#8211; von wechselnder Besetzung \u00fcber spontane Ersatzmusiker bis hin zu genialen Auftritten und einem gro\u00dfartigen Publikum.<\/p>\n<p>&nbsp;<\/p>\n<hr \/>\n<h3>2020<\/h3>\n<p><img loading=\"lazy\" decoding=\"async\" class=\"size-medium wp-image-190 alignleft\" src=\"https:\/\/heinemusic.de\/wp-content\/uploads\/2022\/02\/Bildschirmfoto-2022-02-01-um-21.05.15-300x195.png\" alt=\"\" width=\"300\" height=\"195\" srcset=\"https:\/\/heinemusic.de\/wp-content\/uploads\/2022\/02\/Bildschirmfoto-2022-02-01-um-21.05.15-300x195.png 300w, https:\/\/heinemusic.de\/wp-content\/uploads\/2022\/02\/Bildschirmfoto-2022-02-01-um-21.05.15-1024x665.png 1024w, https:\/\/heinemusic.de\/wp-content\/uploads\/2022\/02\/Bildschirmfoto-2022-02-01-um-21.05.15-768x499.png 768w, https:\/\/heinemusic.de\/wp-content\/uploads\/2022\/02\/Bildschirmfoto-2022-02-01-um-21.05.15-1536x998.png 1536w, https:\/\/heinemusic.de\/wp-content\/uploads\/2022\/02\/Bildschirmfoto-2022-02-01-um-21.05.15-2048x1330.png 2048w\" sizes=\"auto, (max-width: 300px) 100vw, 300px\" \/><\/p>\n<p>&nbsp;<\/p>\n<p>&nbsp;<\/p>\n<p>&nbsp;<\/p>\n<p>&nbsp;<\/p>\n<p>&nbsp;<\/p>\n<p>Seit Beginn der Corona Pandemie habe ich bei diversen Video Produktionen mitgewirkt. Sowohl vor als auch hinter der Kamera war ich beteiligt und habe den Sound zum Endprodukt beigetragen.<\/p>\n<p>&nbsp;<\/p>\n<hr \/>\n<p>&nbsp;<\/p>\n","protected":false},"excerpt":{"rendered":"<p>&nbsp; 2012 &nbsp; &nbsp; &nbsp; &nbsp; &nbsp; Mein Nachbar klingelte 2012 an meiner T\u00fcr und fragte mich, ob ich bei [&hellip;]<\/p>\n","protected":false},"author":1,"featured_media":233,"parent":0,"menu_order":0,"comment_status":"closed","ping_status":"closed","template":"","meta":{"footnotes":""},"class_list":["post-63","page","type-page","status-publish","has-post-thumbnail","hentry"],"_links":{"self":[{"href":"https:\/\/heinemusic.de\/index.php?rest_route=\/wp\/v2\/pages\/63","targetHints":{"allow":["GET"]}}],"collection":[{"href":"https:\/\/heinemusic.de\/index.php?rest_route=\/wp\/v2\/pages"}],"about":[{"href":"https:\/\/heinemusic.de\/index.php?rest_route=\/wp\/v2\/types\/page"}],"author":[{"embeddable":true,"href":"https:\/\/heinemusic.de\/index.php?rest_route=\/wp\/v2\/users\/1"}],"replies":[{"embeddable":true,"href":"https:\/\/heinemusic.de\/index.php?rest_route=%2Fwp%2Fv2%2Fcomments&post=63"}],"version-history":[{"count":49,"href":"https:\/\/heinemusic.de\/index.php?rest_route=\/wp\/v2\/pages\/63\/revisions"}],"predecessor-version":[{"id":70,"href":"https:\/\/heinemusic.de\/index.php?rest_route=\/wp\/v2\/pages\/63\/revisions\/70"}],"wp:featuredmedia":[{"embeddable":true,"href":"https:\/\/heinemusic.de\/index.php?rest_route=\/wp\/v2\/media\/233"}],"wp:attachment":[{"href":"https:\/\/heinemusic.de\/index.php?rest_route=%2Fwp%2Fv2%2Fmedia&parent=63"}],"curies":[{"name":"wp","href":"https:\/\/api.w.org\/{rel}","templated":true}]}}