{"id":128,"date":"2022-01-27T20:36:41","date_gmt":"2022-01-27T20:36:41","guid":{"rendered":"https:\/\/heinemusic.de\/?page_id=128"},"modified":"2022-05-14T10:04:29","modified_gmt":"2022-05-14T10:04:29","slug":"datenschutzerklaerung-2","status":"publish","type":"page","link":"https:\/\/heinemusic.de\/?page_id=128","title":{"rendered":"Datenschutzerkl\u00e4rung"},"content":{"rendered":"\r\n<div class=\"elementor-element elementor-element-92c30a7 elementor-widget elementor-widget-text-editor\" data-id=\"92c30a7\" data-element_type=\"widget\" data-widget_type=\"text-editor.default\">\r\n<div class=\"elementor-widget-container\">\r\n<div class=\"elementor-text-editor elementor-clearfix\">\r\n<p>Verantwortliche Stelle im Sinne der Datenschutzgesetze, insbesondere der EU-Datenschutzgrundverordnung (DSGVO), ist:<\/p>\r\n<\/div>\r\n<\/div>\r\n<\/div>\r\n<div class=\"elementor-element elementor-element-6b77227 elementor-widget elementor-widget-text-editor\" data-id=\"6b77227\" data-element_type=\"widget\" data-widget_type=\"text-editor.default\">\r\n<div class=\"elementor-widget-container\">\r\n<div class=\"elementor-text-editor elementor-clearfix\">\r\n<p>Harald Heine<br \/>Neckarstra\u00dfe 56<br \/>71640 Ludwigsburg<br \/>harry(at)heinemusic.de<\/p>\r\n<p>&nbsp;<\/p>\r\n<\/div>\r\n<\/div>\r\n<\/div>\r\n<div class=\"elementor-element elementor-element-3fab8b4 elementor-widget elementor-widget-heading\" data-id=\"3fab8b4\" data-element_type=\"widget\" data-widget_type=\"heading.default\">\r\n<div class=\"elementor-widget-container\">\r\n<h3 class=\"elementor-heading-title elementor-size-medium wp-block-heading\">Ihre Betroffenenrechte<\/h3>\r\n<\/div>\r\n<\/div>\r\n<div class=\"elementor-element elementor-element-4114a6c elementor-widget elementor-widget-text-editor\" data-id=\"4114a6c\" data-element_type=\"widget\" data-widget_type=\"text-editor.default\">\r\n<div class=\"elementor-widget-container\">\r\n<div class=\"elementor-text-editor elementor-clearfix\">\r\n<p>Unter den angegebenen Kontaktdaten des Datenschutzbeauftragten k\u00f6nnen Sie jederzeit folgende Rechte aus\u00fcben:<\/p>\r\n<\/div>\r\n<\/div>\r\n<\/div>\r\n<div class=\"elementor-element elementor-element-620878d elementor-align-left elementor-icon-list--layout-traditional elementor-widget elementor-widget-icon-list\" data-id=\"620878d\" data-element_type=\"widget\" data-widget_type=\"icon-list.default\">\r\n<div class=\"elementor-widget-container\">\r\n<ul class=\"elementor-icon-list-items\">\r\n<li class=\"elementor-icon-list-item\"><i class=\"fa fa-minus\" aria-hidden=\"true\"><\/i><span class=\"elementor-icon-list-text\">Auskunft \u00fcber Ihre bei uns gespeicherten Daten und deren Verarbeitung,<\/span><\/li>\r\n<li class=\"elementor-icon-list-item\"><i class=\"fa fa-minus\" aria-hidden=\"true\"><\/i><span class=\"elementor-icon-list-text\">Berichtigung unrichtiger personenbezogener Daten,<\/span><\/li>\r\n<li class=\"elementor-icon-list-item\"><i class=\"fa fa-minus\" aria-hidden=\"true\"><\/i><span class=\"elementor-icon-list-text\">L\u00f6schung Ihrer bei uns gespeicherten Daten,<\/span><\/li>\r\n<li class=\"elementor-icon-list-item\"><i class=\"fa fa-minus\" aria-hidden=\"true\"><\/i><span class=\"elementor-icon-list-text\">Einschr\u00e4nkung der Datenverarbeitung, sofern wir Ihre Daten aufgrund gesetzlicher Pflichten noch nicht l\u00f6schen d\u00fcrfen,<\/span><\/li>\r\n<li class=\"elementor-icon-list-item\"><i class=\"fa fa-minus\" aria-hidden=\"true\"><\/i><span class=\"elementor-icon-list-text\">Widerspruch gegen die Verarbeitung Ihrer Daten bei uns und<\/span><\/li>\r\n<li class=\"elementor-icon-list-item\"><i class=\"fa fa-minus\" aria-hidden=\"true\"><\/i><span class=\"elementor-icon-list-text\">Daten\u00fcbertragbarkeit, sofern Sie in die Datenverarbeitung eingewilligt haben oder einen Vertrag mit uns abgeschlossen haben.<\/span><\/li>\r\n<\/ul>\r\n<\/div>\r\n<\/div>\r\n<div class=\"elementor-element elementor-element-0fe1fa5 elementor-widget elementor-widget-text-editor\" data-id=\"0fe1fa5\" data-element_type=\"widget\" data-widget_type=\"text-editor.default\">\r\n<div class=\"elementor-widget-container\">\r\n<div class=\"elementor-text-editor elementor-clearfix\">\r\n<p>Sofern Sie uns eine Einwilligung erteilt haben, k\u00f6nnen Sie diese jederzeit mit Wirkung f\u00fcr die Zukunft widerrufen.<\/p>\r\n<p>Sie k\u00f6nnen sich jederzeit mit einer Beschwerde an die f\u00fcr Sie zust\u00e4ndige Aufsichtsbeh\u00f6rde wenden. Ihre zust\u00e4ndige Aufsichtsbeh\u00f6rde richtet sich nach dem Bundesland Ihres Wohnsitzes, Ihrer Arbeit oder der mutma\u00dflichen Verletzung. Eine Liste der Aufsichtsbeh\u00f6rden (f\u00fcr den nicht\u00f6ffentlichen Bereich) mit Anschrift finden Sie unter:<br \/><a href=\"https:\/\/www.bfdi.bund.de\/DE\/Service\/Anschriften\/anschriften_node.html\" target=\"_blank\" rel=\"noopener\">https:\/\/www.bfdi.bund.de\/DE\/Service\/Anschriften\/anschriften_node.html.<\/a><\/p>\r\n<p>&nbsp;<\/p>\r\n<\/div>\r\n<\/div>\r\n<\/div>\r\n<div class=\"elementor-element elementor-element-9dee274 elementor-widget elementor-widget-heading\" data-id=\"9dee274\" data-element_type=\"widget\" data-widget_type=\"heading.default\">\r\n<div class=\"elementor-widget-container\">\r\n<h3 class=\"elementor-heading-title elementor-size-medium\">Zwecke der Datenverarbeitung durch die verantwortliche Stelle und Dritte<\/h3>\r\n<\/div>\r\n<\/div>\r\n<div class=\"elementor-element elementor-element-83d13ff elementor-widget elementor-widget-text-editor\" data-id=\"83d13ff\" data-element_type=\"widget\" data-widget_type=\"text-editor.default\">\r\n<div class=\"elementor-widget-container\">\r\n<div class=\"elementor-text-editor elementor-clearfix\">\r\n<p>Wir verarbeiten Ihre personenbezogenen Daten nur zu den in dieser Datenschutzerkl\u00e4rung genannten Zwecken. Eine \u00dcbermittlung Ihrer pers\u00f6nlichen Daten an Dritte zu anderen als den genannten Zwecken findet nicht statt. Wir geben Ihre pers\u00f6nlichen Daten nur an Dritte weiter, wenn:<\/p>\r\n<\/div>\r\n<\/div>\r\n<\/div>\r\n<div class=\"elementor-element elementor-element-2432b11 elementor-align-left elementor-icon-list--layout-traditional elementor-widget elementor-widget-icon-list\" data-id=\"2432b11\" data-element_type=\"widget\" data-widget_type=\"icon-list.default\">\r\n<div class=\"elementor-widget-container\">\r\n<ul class=\"elementor-icon-list-items\">\r\n<li class=\"elementor-icon-list-item\"><i class=\"fa fa-minus\" aria-hidden=\"true\"><\/i><span class=\"elementor-icon-list-text\">Sie Ihre ausdr\u00fcckliche Einwilligung dazu erteilt haben,<\/span><\/li>\r\n<li class=\"elementor-icon-list-item\"><i class=\"fa fa-minus\" aria-hidden=\"true\"><\/i><span class=\"elementor-icon-list-text\">die Verarbeitung zur Abwicklung eines Vertrags mit Ihnen erforderlich ist,<\/span><\/li>\r\n<li class=\"elementor-icon-list-item\"><i class=\"fa fa-minus\" aria-hidden=\"true\"><\/i><span class=\"elementor-icon-list-text\">die Verarbeitung zur Erf\u00fcllung einer rechtlichen Verpflichtung erforderlich ist,<\/span><\/li>\r\n<li class=\"elementor-icon-list-item\"><i class=\"fa fa-minus\" aria-hidden=\"true\"><\/i><span class=\"elementor-icon-list-text\">die Verarbeitung zur Wahrung berechtigter Interessen erforderlich ist und<\/span><\/li>\r\n<li class=\"elementor-icon-list-item\"><i class=\"fa fa-minus\" aria-hidden=\"true\"><\/i><span class=\"elementor-icon-list-text\">kein Grund zur Annahme besteht, dass Sie ein \u00fcberwiegendes schutzw\u00fcrdiges Interesse an der Nichtweitergabe Ihrer Daten haben.<\/span><\/li>\r\n<\/ul>\r\n<\/div>\r\n<\/div>\r\n<div class=\"elementor-element elementor-element-2a84924 elementor-widget elementor-widget-heading\" data-id=\"2a84924\" data-element_type=\"widget\" data-widget_type=\"heading.default\">\r\n<div class=\"elementor-widget-container\">\r\n<p>&nbsp;<\/p>\r\n<h3 class=\"elementor-heading-title elementor-size-medium\">L\u00f6schung bzw. Sperrung der Daten<\/h3>\r\n<\/div>\r\n<\/div>\r\n<div class=\"elementor-element elementor-element-e35dae3 elementor-widget elementor-widget-text-editor\" data-id=\"e35dae3\" data-element_type=\"widget\" data-widget_type=\"text-editor.default\">\r\n<div class=\"elementor-widget-container\">\r\n<div class=\"elementor-text-editor elementor-clearfix\">\r\n<p>Wir halten uns an die Grunds\u00e4tze der Datenvermeidung und Datensparsamkeit. Wir speichern Ihre personenbezogenen Daten daher nur so lange, wie dies zur Erreichung der hier genannten Zwecke erforderlich ist oder wie es die vom Gesetzgeber vorgesehenen vielf\u00e4ltigen Speicherfristen vorsehen. Nach Fortfall des jeweiligen Zweckes bzw. Ablauf dieser Fristen werden die entsprechenden Daten routinem\u00e4\u00dfig und entsprechend den gesetzlichen Vorschriften gesperrt oder gel\u00f6scht.<\/p>\r\n<p>&nbsp;<\/p>\r\n<\/div>\r\n<\/div>\r\n<\/div>\r\n<div class=\"elementor-element elementor-element-9d653ba elementor-widget elementor-widget-heading\" data-id=\"9d653ba\" data-element_type=\"widget\" data-widget_type=\"heading.default\">\r\n<div class=\"elementor-widget-container\">\r\n<h3 class=\"elementor-heading-title elementor-size-medium\">Kontaktformular<\/h3>\r\n<\/div>\r\n<\/div>\r\n<div class=\"elementor-element elementor-element-f4b204b elementor-widget elementor-widget-text-editor\" data-id=\"f4b204b\" data-element_type=\"widget\" data-widget_type=\"text-editor.default\">\r\n<div class=\"elementor-widget-container\">\r\n<div class=\"elementor-text-editor elementor-clearfix\">\r\n<p>Treten Sie bzgl. Fragen jeglicher Art per E-Mail oder Kontaktformular mit uns in Kontakt, erteilen Sie uns zum Zwecke der Kontaktaufnahme Ihre freiwillige Einwilligung. Hierf\u00fcr ist die Angabe einer validen E-Mail-Adresse erforderlich. Diese dient der Zuordnung der Anfrage und der anschlie\u00dfenden Beantwortung derselben. Die Angabe weiterer Daten ist optional. Die von Ihnen gemachten Angaben werden zum Zwecke der Bearbeitung der Anfrage sowie f\u00fcr m\u00f6gliche Anschlussfragen gespeichert. Nach Erledigung der von Ihnen gestellten Anfrage werden personenbezogene Daten automatisch gel\u00f6scht.<\/p>\r\n<p>&nbsp;<\/p>\r\n<\/div>\r\n<\/div>\r\n<\/div>\r\n<div class=\"elementor-element elementor-element-b6f27da elementor-widget elementor-widget-heading\" data-id=\"b6f27da\" data-element_type=\"widget\" data-widget_type=\"heading.default\">\r\n<div class=\"elementor-widget-container\">\r\n<h3 class=\"elementor-heading-title elementor-size-medium\">Verwendung von Google Maps<\/h3>\r\n<\/div>\r\n<\/div>\r\n<div class=\"elementor-element elementor-element-e1c6a74 elementor-widget elementor-widget-text-editor\" data-id=\"e1c6a74\" data-element_type=\"widget\" data-widget_type=\"text-editor.default\">\r\n<div class=\"elementor-widget-container\">\r\n<div class=\"elementor-text-editor elementor-clearfix\">\r\n<p>Diese Webseite verwendet Google Maps API, um geographische Informationen visuell darzustellen. Bei der Nutzung von Google Maps werden von Google auch Daten \u00fcber die Nutzung der Kartenfunktionen durch Besucher erhoben, verarbeitet und genutzt. N\u00e4here Informationen \u00fcber die Datenverarbeitung durch Google k\u00f6nnen Sie den Google-Datenschutzhinweisen entnehmen. Dort k\u00f6nnen Sie im Datenschutzcenter auch Ihre pers\u00f6nlichen Datenschutz-Einstellungen ver\u00e4ndern.<\/p>\r\n<p>&nbsp;<\/p>\r\n<\/div>\r\n<\/div>\r\n<\/div>\r\n<div class=\"elementor-element elementor-element-ee20e07 elementor-widget elementor-widget-heading\" data-id=\"ee20e07\" data-element_type=\"widget\" data-widget_type=\"heading.default\">\r\n<div class=\"elementor-widget-container\">\r\n<h3 class=\"elementor-heading-title elementor-size-medium\">Fragen an den Datenschutzbeauftragten<\/h3>\r\n<\/div>\r\n<\/div>\r\n<div class=\"elementor-element elementor-element-cb54078 elementor-widget elementor-widget-text-editor\" data-id=\"cb54078\" data-element_type=\"widget\" data-widget_type=\"text-editor.default\">\r\n<div class=\"elementor-widget-container\">\r\n<div class=\"elementor-text-editor elementor-clearfix\">\r\n<p>Wenn Sie Fragen zum Datenschutz haben, schreiben Sie uns bitte eine E-Mail oder wenden Sie sich direkt an die oben genannte, f\u00fcr den Datenschutz verantwortliche Person in unserer Organisation!<\/p>\r\n<\/div>\r\n<\/div>\r\n<\/div>\r\n","protected":false},"excerpt":{"rendered":"<p>Verantwortliche Stelle im Sinne der Datenschutzgesetze, insbesondere der EU-Datenschutzgrundverordnung (DSGVO), ist: Harald HeineNeckarstra\u00dfe 5671640 Ludwigsburgharry(at)heinemusic.de &nbsp; Ihre Betroffenenrechte Unter den [&hellip;]<\/p>\n","protected":false},"author":1,"featured_media":234,"parent":0,"menu_order":0,"comment_status":"closed","ping_status":"closed","template":"","meta":{"footnotes":""},"class_list":["post-128","page","type-page","status-publish","has-post-thumbnail","hentry"],"_links":{"self":[{"href":"https:\/\/heinemusic.de\/index.php?rest_route=\/wp\/v2\/pages\/128","targetHints":{"allow":["GET"]}}],"collection":[{"href":"https:\/\/heinemusic.de\/index.php?rest_route=\/wp\/v2\/pages"}],"about":[{"href":"https:\/\/heinemusic.de\/index.php?rest_route=\/wp\/v2\/types\/page"}],"author":[{"embeddable":true,"href":"https:\/\/heinemusic.de\/index.php?rest_route=\/wp\/v2\/users\/1"}],"replies":[{"embeddable":true,"href":"https:\/\/heinemusic.de\/index.php?rest_route=%2Fwp%2Fv2%2Fcomments&post=128"}],"version-history":[{"count":5,"href":"https:\/\/heinemusic.de\/index.php?rest_route=\/wp\/v2\/pages\/128\/revisions"}],"predecessor-version":[{"id":159,"href":"https:\/\/heinemusic.de\/index.php?rest_route=\/wp\/v2\/pages\/128\/revisions\/159"}],"wp:featuredmedia":[{"embeddable":true,"href":"https:\/\/heinemusic.de\/index.php?rest_route=\/wp\/v2\/media\/234"}],"wp:attachment":[{"href":"https:\/\/heinemusic.de\/index.php?rest_route=%2Fwp%2Fv2%2Fmedia&parent=128"}],"curies":[{"name":"wp","href":"https:\/\/api.w.org\/{rel}","templated":true}]}}