{"id":118,"date":"2022-01-27T20:08:42","date_gmt":"2022-01-27T20:08:42","guid":{"rendered":"https:\/\/heinemusic.de\/?page_id=118"},"modified":"2022-05-14T10:04:18","modified_gmt":"2022-05-14T10:04:18","slug":"cockies","status":"publish","type":"page","link":"https:\/\/heinemusic.de\/?page_id=118","title":{"rendered":"Cookies"},"content":{"rendered":"<div class=\"elementor-element elementor-element-92c30a7 elementor-widget elementor-widget-text-editor\" data-id=\"92c30a7\" data-element_type=\"widget\" data-widget_type=\"text-editor.default\">\n<div class=\"elementor-widget-container\">\n<div class=\"elementor-text-editor elementor-clearfix\">\n<p>Mit dieser Cookie-Richtlinie informiert der Website-Betreiber den Nutzer der Website \u00fcber den Einsatz von Cookies oder \u00e4hnlichen Speichertechnologien (nachfolgend \u201eCookies\u201c) auf dieser Website.<\/p>\n<p>&nbsp;<\/p>\n<\/div>\n<\/div>\n<\/div>\n<div class=\"elementor-element elementor-element-f1fad26 elementor-widget elementor-widget-heading\" data-id=\"f1fad26\" data-element_type=\"widget\" data-widget_type=\"heading.default\">\n<div class=\"elementor-widget-container\">\n<h3 class=\"elementor-heading-title elementor-size-xxl\">WAS SIND COOKIES?<\/h3>\n<\/div>\n<\/div>\n<div class=\"elementor-element elementor-element-4114a6c elementor-widget elementor-widget-text-editor\" data-id=\"4114a6c\" data-element_type=\"widget\" data-widget_type=\"text-editor.default\">\n<div class=\"elementor-widget-container\">\n<div class=\"elementor-text-editor elementor-clearfix\">\n<p>Cookies sind kleine Textdateien, die vom Webbrowser auf dem Endger\u00e4t des Nutzers zur Speicherung von bestimmten Informationen abgelegt werden. Beim n\u00e4chsten Aufruf dieser Website mit demselben Endger\u00e4t werden die in Cookies gespeicherten Informationen an diese Website (\u201eFirst Party Cookie\u201c) oder eine andere Website, zu der das Cookie geh\u00f6rt (\u201eThird Party Cookie\u201c), zur\u00fcckgesandt.<\/p>\n<p>Durch die im Cookie gespeicherten und zur\u00fcckgesandten Informationen erkennt die jeweilige Website, dass der Nutzer diese mit dem Webbrowser seines Endger\u00e4ts bereits aufgerufen und besucht hat. Diese Informationen nutzen wir, um dem Nutzer die Website gem\u00e4\u00df seinen Pr\u00e4ferenzen optimal anzeigen zu k\u00f6nnen.<\/p>\n<p>Es wird hierbei aber nur das Cookie selbst auf dem Endger\u00e4t identifiziert. Eine dar\u00fcber hinausgehende Speicherung von personenbezogenen Daten erfolgt nur, wenn der Nutzer seine ausdr\u00fcckliche Zustimmung daf\u00fcr gibt oder wenn diese Speicherung unbedingt erforderlich ist, um den angebotenen und aufgerufenen Dienst nutzen zu k\u00f6nnen.<\/p>\n<\/div>\n<\/div>\n<\/div>\n<div class=\"elementor-element elementor-element-de82b58 elementor-widget elementor-widget-heading\" data-id=\"de82b58\" data-element_type=\"widget\" data-widget_type=\"heading.default\">\n<div class=\"elementor-widget-container\">\n<p>&nbsp;<\/p>\n<h3 class=\"elementor-heading-title elementor-size-xxl\">ZUSTIMMUNG ZUR VERWENDUNG VON COOKIES<\/h3>\n<\/div>\n<\/div>\n<div class=\"elementor-element elementor-element-d9b921a elementor-widget elementor-widget-text-editor\" data-id=\"d9b921a\" data-element_type=\"widget\" data-widget_type=\"text-editor.default\">\n<div class=\"elementor-widget-container\">\n<div class=\"elementor-text-editor elementor-clearfix\">\n<p>Cookies, die nicht unbedingt erforderlich sind, um die Dienste auf dieser Website zur Verf\u00fcgung zu stellen, werden erst nach Einwilligung verwendet. Indem der Nutzer auf Grundlage eines von uns auf der Website erteilten Hinweises (\u201eCookie-Banner\u201c) eine Einwilligung zur Verwendung von Cookies erteilt hat, stimmt er der Verwendung von Cookies zu.<\/p>\n<p>Wie der Nutzer Cookies generell (inklusive der unbedingt erforderlichen Cookies) in seinem Browser deaktivieren oder l\u00f6schen kann, wird unter dem Punkt \u201eDeaktivierung oder L\u00f6schung s\u00e4mtlicher Cookies\u201c beschrieben.<\/p>\n<\/div>\n<\/div>\n<\/div>\n<div class=\"elementor-element elementor-element-974bd58 elementor-widget elementor-widget-heading\" data-id=\"974bd58\" data-element_type=\"widget\" data-widget_type=\"heading.default\">\n<div class=\"elementor-widget-container\">\n<p>&nbsp;<\/p>\n<h3 class=\"elementor-heading-title elementor-size-xxl\">RECHTSGRUNDLAGE<\/h3>\n<\/div>\n<\/div>\n<div class=\"elementor-element elementor-element-f4b204b elementor-widget elementor-widget-text-editor\" data-id=\"f4b204b\" data-element_type=\"widget\" data-widget_type=\"text-editor.default\">\n<div class=\"elementor-widget-container\">\n<div class=\"elementor-text-editor elementor-clearfix\">\n<p>Wenn der Nutzer auf Grundlage eines der auf dieser Website erteilten Hinweises (\u201eCookie-Banner\u201c) eine Einwilligung zur Verwendung von Cookies erteilt hat, richtet sich die Rechtm\u00e4\u00dfigkeit der Datenverarbeitung nach Art. 6 Abs. 1 S. 1 lit. a DSGVO. Wenn keine Einwilligung angefordert wird, stellt berechtigtes Interesse (d. h. Interesse an der Analyse, Optimierung und dem wirtschaftlichen Betrieb dieser Website und Leistungen) im Sinne des Art. 6 Abs. 1 S. 1 lit. f DSGVO die Rechtsgrundlage f\u00fcr die Nutzung der Cookies dar.<\/p>\n<\/div>\n<\/div>\n<\/div>\n<div class=\"elementor-element elementor-element-5473508 elementor-widget elementor-widget-heading\" data-id=\"5473508\" data-element_type=\"widget\" data-widget_type=\"heading.default\">\n<div class=\"elementor-widget-container\">\n<p>&nbsp;<\/p>\n<h3 class=\"elementor-heading-title elementor-size-xxl\">KATEGORIEN DER VERWENDETEN COOKIES<\/h3>\n<\/div>\n<\/div>\n<div class=\"elementor-element elementor-element-a10d7ad elementor-widget elementor-widget-text-editor\" data-id=\"a10d7ad\" data-element_type=\"widget\" data-widget_type=\"text-editor.default\">\n<div class=\"elementor-widget-container\">\n<div class=\"elementor-text-editor elementor-clearfix\">\n<p>Je nach Verwendungszweck und Funktion lassen sich die verwendeten Cookies in die folgenden Kategorien einteilen:<\/p>\n<\/div>\n<\/div>\n<\/div>\n<div class=\"elementor-element elementor-element-4385563 elementor-widget elementor-widget-heading\" data-id=\"4385563\" data-element_type=\"widget\" data-widget_type=\"heading.default\">\n<div class=\"elementor-widget-container\">\n<h4 class=\"elementor-heading-title elementor-size-medium\">Unbedingt erforderliche Cookies<\/h4>\n<\/div>\n<\/div>\n<div class=\"elementor-element elementor-element-ea9b362 elementor-widget elementor-widget-text-editor\" data-id=\"ea9b362\" data-element_type=\"widget\" data-widget_type=\"text-editor.default\">\n<div class=\"elementor-widget-container\">\n<div class=\"elementor-text-editor elementor-clearfix\">\n<p>Unbedingt erforderliche Cookies sorgen daf\u00fcr, dass diese Website, beziehungsweise der Dienst, ordnungsgem\u00e4\u00df funktioniert. Das hei\u00dft, ohne diese Cookies ist diese Website, beziehungsweise der Dienst, nicht wie vorgesehen nutzbar. Diese Art von Cookies wird ausschlie\u00dflich von dem Betreiber der Website verwendet (First Party Cookies) und s\u00e4mtliche Informationen, die in den Cookies gespeichert sind, werden nur an diese Website gesendet.<\/p>\n<p>Auf dieser Webseite eingesetzte, unbedingt erforderlichen Cookies werden f\u00fcr 30 Tage gespeichert.<\/p>\n<p>Unbedingt erforderliche Cookies k\u00f6nnen nicht einzeln deaktiviert bzw. aktiviert werden. Der Nutzer hat jederzeit die M\u00f6glichkeit,\u00a0Cookies generell in seinem Browser zu deaktivieren (siehe Punkt \u201eDeaktivierung oder L\u00f6schung s\u00e4mtlicher Cookies\u201c).<\/p>\n<\/div>\n<\/div>\n<\/div>\n<div class=\"elementor-element elementor-element-493fb12 elementor-widget elementor-widget-heading\" data-id=\"493fb12\" data-element_type=\"widget\" data-widget_type=\"heading.default\">\n<div class=\"elementor-widget-container\">\n<h4 class=\"elementor-heading-title elementor-size-medium\">Funktionale Cookies<\/h4>\n<\/div>\n<\/div>\n<div class=\"elementor-element elementor-element-8ac6c61 elementor-widget elementor-widget-text-editor\" data-id=\"8ac6c61\" data-element_type=\"widget\" data-widget_type=\"text-editor.default\">\n<div class=\"elementor-widget-container\">\n<div class=\"elementor-text-editor elementor-clearfix\">\n<p>Funktionale Cookies erm\u00f6glichen dieser Webseite, get\u00e4tigte Angaben, wie z. B. den Benutzernamen oder die Sprachauswahl, zu speichern und dem Nutzer darauf basierend verbesserte und personalisierte Funktionen anzubieten. Diese Cookies sammeln und speichern ausschlie\u00dflich anonymisierte Informationen.<\/p>\n<p>Auf dieser Webseite kommen keine Funktionalen Cookies zum Einsatz.<\/p>\n<\/div>\n<\/div>\n<\/div>\n<div class=\"elementor-element elementor-element-ece4141 elementor-widget elementor-widget-heading\" data-id=\"ece4141\" data-element_type=\"widget\" data-widget_type=\"heading.default\">\n<div class=\"elementor-widget-container\">\n<h4 class=\"elementor-heading-title elementor-size-medium\">Performance-Cookies<\/h4>\n<\/div>\n<\/div>\n<div class=\"elementor-element elementor-element-afb53a2 elementor-widget elementor-widget-text-editor\" data-id=\"afb53a2\" data-element_type=\"widget\" data-widget_type=\"text-editor.default\">\n<div class=\"elementor-widget-container\">\n<div class=\"elementor-text-editor elementor-clearfix\">\n<p>Performance-Cookies sammeln Informationen dar\u00fcber, wie diese Seiten genutzt werden, um darauf basierend deren Attraktivit\u00e4t, Inhalt und Funktionalit\u00e4t zu verbessern. Diese Cookies helfen beispielsweise um festzustellen, ob und welche Unterseiten unserer Webseite besucht werden und f\u00fcr welche Inhalte sich die Nutzer besonders interessieren. Es wird die Anzahl der Zugriffe auf eine Seite erfasst, die Anzahl der aufgerufenen Unterseiten, die auf dieser Webseite verbrachte Zeit, die Reihenfolge der besuchten Seiten, welche Suchbegriffe die Nutzer zu uns gef\u00fchrt haben, das Land, die Region und gegebenenfalls die Stadt aus der der Zugriff erfolgt, sowie den Anteil von mobilen Endger\u00e4ten, die auf diese Webseite zugreifen. Die aus technischen Gr\u00fcnden \u00fcbermittelte IP-Adresse eines Rechners wird automatisch anonymisiert und erm\u00f6glicht keinen R\u00fcckschluss auf den einzelnen Nutzer.<\/p>\n<p>Auf dieser Webseite eingesetzte Performance-Cookies werden maximal 2 Jahre gespeichert. Der Nutzer der Webseite kann der Verwendung von Performance-Cookies jederzeit widersprechen, indem er seine Browser-Einstellungen entsprechend anpasst.<\/p>\n<\/div>\n<\/div>\n<\/div>\n<div class=\"elementor-element elementor-element-cffca31 elementor-widget elementor-widget-heading\" data-id=\"cffca31\" data-element_type=\"widget\" data-widget_type=\"heading.default\">\n<div class=\"elementor-widget-container\">\n<h4 class=\"elementor-heading-title elementor-size-medium\">Marketing- \/ Third Party-Cookies<\/h4>\n<\/div>\n<\/div>\n<div class=\"elementor-element elementor-element-aaa5f30 elementor-widget elementor-widget-text-editor\" data-id=\"aaa5f30\" data-element_type=\"widget\" data-widget_type=\"text-editor.default\">\n<div class=\"elementor-widget-container\">\n<div class=\"elementor-text-editor elementor-clearfix\">\n<p>Marketing- \/ Third Party- \/ Zustimmungspflichtige-Cookies stammen unter anderem von externen Werbeunternehmen und werden verwendet, um Informationen \u00fcber die vom Nutzer besuchten Websites zu sammeln, um z. B. zielgruppenorientierte Werbung f\u00fcr den Benutzer zu erstellen.<\/p>\n<p>Auf dieser Webseite kommen keine Marketing- \/ Third Party- \/ Zustimmungspflichtige-Cookies zum Einsatz.<\/p>\n<p>&nbsp;<\/p>\n<\/div>\n<\/div>\n<\/div>\n<div class=\"elementor-element elementor-element-b7a2877 elementor-widget elementor-widget-heading\" data-id=\"b7a2877\" data-element_type=\"widget\" data-widget_type=\"heading.default\">\n<div class=\"elementor-widget-container\">\n<h3 class=\"elementor-heading-title elementor-size-xxl\">DEAKTIVIERUNG ODER L\u00d6SCHUNG S\u00c4MTLICHER COOKIES<\/h3>\n<\/div>\n<\/div>\n<div class=\"elementor-element elementor-element-98b4e12 elementor-widget elementor-widget-text-editor\" data-id=\"98b4e12\" data-element_type=\"widget\" data-widget_type=\"text-editor.default\">\n<div class=\"elementor-widget-container\">\n<div class=\"elementor-text-editor elementor-clearfix\">\n<p>Der Nutzer kann seinen Webbrowser so einstellen, dass das Speichern von Cookies auf seinem Endger\u00e4t generell verhindert wird beziehungsweise er jedes Mal gefragt wird, ob er mit dem Setzen von Cookies einverstanden ist. Einmal gesetzte Cookies kann der Nutzer jederzeit wieder l\u00f6schen. Wie das Ganze funktioniert, wird in der Hilfe-Funktion des jeweiligen Webbrowsers beschrieben.<\/p>\n<p>Eine generelle Deaktivierung von Cookies kann gegebenenfalls zu Funktionseinschr\u00e4nkungen dieser Website f\u00fchren.<\/p>\n<\/div>\n<\/div>\n<\/div>\n","protected":false},"excerpt":{"rendered":"<p>Mit dieser Cookie-Richtlinie informiert der Website-Betreiber den Nutzer der Website \u00fcber den Einsatz von Cookies oder \u00e4hnlichen Speichertechnologien (nachfolgend \u201eCookies\u201c) [&hellip;]<\/p>\n","protected":false},"author":1,"featured_media":235,"parent":0,"menu_order":0,"comment_status":"closed","ping_status":"closed","template":"","meta":{"footnotes":""},"class_list":["post-118","page","type-page","status-publish","has-post-thumbnail","hentry"],"_links":{"self":[{"href":"https:\/\/heinemusic.de\/index.php?rest_route=\/wp\/v2\/pages\/118","targetHints":{"allow":["GET"]}}],"collection":[{"href":"https:\/\/heinemusic.de\/index.php?rest_route=\/wp\/v2\/pages"}],"about":[{"href":"https:\/\/heinemusic.de\/index.php?rest_route=\/wp\/v2\/types\/page"}],"author":[{"embeddable":true,"href":"https:\/\/heinemusic.de\/index.php?rest_route=\/wp\/v2\/users\/1"}],"replies":[{"embeddable":true,"href":"https:\/\/heinemusic.de\/index.php?rest_route=%2Fwp%2Fv2%2Fcomments&post=118"}],"version-history":[{"count":13,"href":"https:\/\/heinemusic.de\/index.php?rest_route=\/wp\/v2\/pages\/118\/revisions"}],"predecessor-version":[{"id":130,"href":"https:\/\/heinemusic.de\/index.php?rest_route=\/wp\/v2\/pages\/118\/revisions\/130"}],"wp:featuredmedia":[{"embeddable":true,"href":"https:\/\/heinemusic.de\/index.php?rest_route=\/wp\/v2\/media\/235"}],"wp:attachment":[{"href":"https:\/\/heinemusic.de\/index.php?rest_route=%2Fwp%2Fv2%2Fmedia&parent=118"}],"curies":[{"name":"wp","href":"https:\/\/api.w.org\/{rel}","templated":true}]}}