{"id":113,"date":"2022-01-27T18:06:49","date_gmt":"2022-01-27T18:06:49","guid":{"rendered":"https:\/\/heinemusic.de\/?page_id=113"},"modified":"2022-05-14T10:04:47","modified_gmt":"2022-05-14T10:04:47","slug":"datenschutzerklaerung","status":"publish","type":"page","link":"https:\/\/heinemusic.de\/?page_id=113","title":{"rendered":"Impressum"},"content":{"rendered":"\r\n<h3 class=\"wp-block-heading\">Betreiber<\/h3>\r\n\r\n\r\n\r\n<p><b>Harald Heine<br \/><\/b>Neckarstra\u00dfe 56<br \/>71640 Ludwigsburg<br \/>harry(at)heinemusic.de<br \/>www.heinemusic.de<\/p>\r\n\r\n\r\n\r\n\r\n\r\n<p>&nbsp;<\/p>\r\n\r\n\r\n\r\n<div class=\"elementor-element elementor-element-f1fad26 elementor-widget elementor-widget-heading\" data-id=\"f1fad26\" data-element_type=\"widget\" data-widget_type=\"heading.default\">\r\n<div class=\"elementor-widget-container\">\r\n<h2 class=\"elementor-heading-title elementor-size-xxl wp-block-heading\">HAFTUNGSAUSSCHLUSS<\/h2>\r\n<\/div>\r\n<\/div>\r\n<div class=\"elementor-element elementor-element-3fab8b4 elementor-widget elementor-widget-heading\" data-id=\"3fab8b4\" data-element_type=\"widget\" data-widget_type=\"heading.default\">\r\n<div class=\"elementor-widget-container\">\r\n<h3 class=\"elementor-heading-title elementor-size-medium\">Haftung f\u00fcr Inhalte<\/h3>\r\n<\/div>\r\n<\/div>\r\n<div class=\"elementor-element elementor-element-4114a6c elementor-widget elementor-widget-text-editor\" data-id=\"4114a6c\" data-element_type=\"widget\" data-widget_type=\"text-editor.default\">\r\n<div class=\"elementor-widget-container\">\r\n<div class=\"elementor-text-editor elementor-clearfix\">\r\n<p>Trotz sorgf\u00e4ltiger inhaltlicher Kontrolle wird keine Haftung f\u00fcr die Inhalte externer Links \u00fcbernommen. F\u00fcr den Inhalt der verlinkten Seiten sind ausschlie\u00dflich deren Betreiber verantwortlich.<\/p>\r\n<\/div>\r\n<\/div>\r\n<\/div>\r\n<div class=\"elementor-element elementor-element-2a84924 elementor-widget elementor-widget-heading\" data-id=\"2a84924\" data-element_type=\"widget\" data-widget_type=\"heading.default\">\r\n<div class=\"elementor-widget-container\">\r\n<h3 class=\"elementor-heading-title elementor-size-medium\"><br \/>Urheberrecht<\/h3>\r\n<\/div>\r\n<\/div>\r\n<div class=\"elementor-element elementor-element-d9b921a elementor-widget elementor-widget-text-editor\" data-id=\"d9b921a\" data-element_type=\"widget\" data-widget_type=\"text-editor.default\">\r\n<div class=\"elementor-widget-container\">\r\n<div class=\"elementor-text-editor elementor-clearfix\">\r\n<p>Die durch die Seitenbetreiber erstellten Inhalte und Werke auf diesen Seiten unterliegen dem deutschen Urheberrecht. Die Vervielf\u00e4ltigung, Bearbeitung, Verbreitung und jede Art der Verwertung au\u00dferhalb der Grenzen des Urheberrechtes bed\u00fcrfen der schriftlichen Zustimmung des jeweiligen Autors bzw. Erstellers. Downloads und Kopien dieser Seite sind nur f\u00fcr den privaten, nicht kommerziellen Gebrauch gestattet. Soweit die Inhalte auf dieser Seite nicht vom Betreiber erstellt wurden, werden die Urheberrechte Dritter beachtet. Insbesondere werden Inhalte Dritter als solche gekennzeichnet. Sollten Sie trotzdem auf eine Urheberrechtsverletzung aufmerksam werden, wird um einen entsprechenden Hinweis gebeten. Bei Bekanntwerden von Rechtsverletzungen werden derartige Inhalte umgehend entfernt.<\/p>\r\n<\/div>\r\n<\/div>\r\n<\/div>\r\n<div class=\"elementor-element elementor-element-9d653ba elementor-widget elementor-widget-heading\" data-id=\"9d653ba\" data-element_type=\"widget\" data-widget_type=\"heading.default\">\r\n<div class=\"elementor-widget-container\">\r\n<h3 class=\"elementor-heading-title elementor-size-medium\"><br \/>Datenschutz<\/h3>\r\n<\/div>\r\n<\/div>\r\n<div class=\"elementor-element elementor-element-f4b204b elementor-widget elementor-widget-text-editor\" data-id=\"f4b204b\" data-element_type=\"widget\" data-widget_type=\"text-editor.default\">\r\n<div class=\"elementor-widget-container\">\r\n<div class=\"elementor-text-editor elementor-clearfix\">\r\n<p>Die Nutzung dieser Webseite ist in der Regel ohne Angabe personenbezogener Daten m\u00f6glich. Soweit auf diesen Seiten personenbezogene Daten (beispielsweise Name, Anschrift oder eMail-Adressen) erhoben werden, erfolgt dies, soweit m\u00f6glich, stets auf freiwilliger Basis. Diese Daten werden ohne Ihre ausdr\u00fcckliche Zustimmung nicht an Dritte weitergegeben. Es wird darauf hingewiesen, dass die Daten\u00fcbertragung im Internet (z.B. bei der Kommunikation per E-Mail) Sicherheitsl\u00fccken aufweisen kann. Ein l\u00fcckenloser Schutz der Daten vor dem Zugriff durch Dritte ist nicht m\u00f6glich. Der Nutzung von im Rahmen der Impressumspflicht ver\u00f6ffentlichten Kontaktdaten durch Dritte zur \u00dcbersendung von nicht ausdr\u00fccklich angeforderter Werbung und Informationsmaterialien wird hiermit ausdr\u00fccklich widersprochen. Die Betreiber der Seiten behalten sich ausdr\u00fccklich rechtliche Schritte im Falle der unverlangten Zusendung von Werbeinformationen, etwa durch Spam-Mails, vor.<\/p>\r\n<\/div>\r\n<\/div>\r\n<\/div>\r\n\r\n\r\n","protected":false},"excerpt":{"rendered":"<p>Betreiber Harald HeineNeckarstra\u00dfe 5671640 Ludwigsburgharry(at)heinemusic.dewww.heinemusic.de &nbsp; HAFTUNGSAUSSCHLUSS Haftung f\u00fcr Inhalte Trotz sorgf\u00e4ltiger inhaltlicher Kontrolle wird keine Haftung f\u00fcr die Inhalte [&hellip;]<\/p>\n","protected":false},"author":1,"featured_media":236,"parent":0,"menu_order":0,"comment_status":"closed","ping_status":"closed","template":"","meta":{"footnotes":""},"class_list":["post-113","page","type-page","status-publish","has-post-thumbnail","hentry"],"_links":{"self":[{"href":"https:\/\/heinemusic.de\/index.php?rest_route=\/wp\/v2\/pages\/113","targetHints":{"allow":["GET"]}}],"collection":[{"href":"https:\/\/heinemusic.de\/index.php?rest_route=\/wp\/v2\/pages"}],"about":[{"href":"https:\/\/heinemusic.de\/index.php?rest_route=\/wp\/v2\/types\/page"}],"author":[{"embeddable":true,"href":"https:\/\/heinemusic.de\/index.php?rest_route=\/wp\/v2\/users\/1"}],"replies":[{"embeddable":true,"href":"https:\/\/heinemusic.de\/index.php?rest_route=%2Fwp%2Fv2%2Fcomments&post=113"}],"version-history":[{"count":8,"href":"https:\/\/heinemusic.de\/index.php?rest_route=\/wp\/v2\/pages\/113\/revisions"}],"predecessor-version":[{"id":139,"href":"https:\/\/heinemusic.de\/index.php?rest_route=\/wp\/v2\/pages\/113\/revisions\/139"}],"wp:featuredmedia":[{"embeddable":true,"href":"https:\/\/heinemusic.de\/index.php?rest_route=\/wp\/v2\/media\/236"}],"wp:attachment":[{"href":"https:\/\/heinemusic.de\/index.php?rest_route=%2Fwp%2Fv2%2Fmedia&parent=113"}],"curies":[{"name":"wp","href":"https:\/\/api.w.org\/{rel}","templated":true}]}}